{"id":3,"date":"2020-07-16T08:24:50","date_gmt":"2020-07-16T08:24:50","guid":{"rendered":"https:\/\/www.scheuerer.de\/?page_id=3"},"modified":"2026-02-24T22:13:10","modified_gmt":"2026-02-24T22:13:10","slug":"privacy-policy","status":"publish","type":"page","link":"https:\/\/www.scheuerer.de\/index.php\/privacy-policy\/","title":{"rendered":"Impressum"},"content":{"rendered":"\r\n<p><strong>Impressum<\/strong><\/p>\r\n<p><strong>Scheuerer EDV-Service<\/strong><br \/>Inhaber: Uwe Scheuerer<br \/>Reichenberger Stra\u00dfe 83<br \/>90766 F\u00fcrth<br \/>Deutschland<\/p>\r\n<p>Telefon: +49 176 40742707<br \/>E-Mail: <a rel=\"noopener\">info@scheuerer.de<\/a><\/p>\r\n<h3 class=\"wp-block-heading\">T\u00e4tigkeitsbereich:<\/h3>\r\n<p>IT- und EDV-Services<\/p>\r\n<h3>Haftungsausschluss:<\/h3>\r\n<p>Trotz sorgf\u00e4ltiger inhaltlicher Kontrolle \u00fcbernehmen wir keine Haftung f\u00fcr die Inhalte externer Links. F\u00fcr den Inhalt der verlinkten Seiten sind ausschlie\u00dflich deren Betreiber verantwortlich.<\/p>\r\n<h3>Verantwortlich f\u00fcr den Inhalt gem\u00e4\u00df \u00a7 55 Abs. 2 RStV:<\/h3>\r\n<p>Uwe Scheuerer<br \/>Reichenberger Stra\u00dfe 83<br \/>90766 F\u00fcrth<\/p>\r\n<p>uwe@scheuerer.de<\/p>\r\n","protected":false},"excerpt":{"rendered":"<p>Impressum Scheuerer EDV-ServiceInhaber: Uwe ScheuererReichenberger Stra\u00dfe 8390766 F\u00fcrthDeutschland Telefon: +49 176 40742707E-Mail: info@scheuerer.de T\u00e4tigkeitsbereich: IT- und EDV-Services Haftungsausschluss: Trotz sorgf\u00e4ltiger inhaltlicher Kontrolle \u00fcbernehmen wir keine Haftung f\u00fcr die Inhalte externer Links. F\u00fcr den Inhalt der verlinkten Seiten sind ausschlie\u00dflich deren Betreiber verantwortlich. Verantwortlich f\u00fcr den Inhalt gem\u00e4\u00df \u00a7 55 Abs. 2 RStV: Uwe ScheuererReichenberger Stra\u00dfe [&hellip;]<\/p>\n","protected":false},"author":1,"featured_media":0,"parent":0,"menu_order":0,"comment_status":"closed","ping_status":"closed","template":"","meta":{"footnotes":""},"class_list":["post-3","page","type-page","status-publish","hentry"],"_links":{"self":[{"href":"https:\/\/www.scheuerer.de\/index.php\/wp-json\/wp\/v2\/pages\/3","targetHints":{"allow":["GET"]}}],"collection":[{"href":"https:\/\/www.scheuerer.de\/index.php\/wp-json\/wp\/v2\/pages"}],"about":[{"href":"https:\/\/www.scheuerer.de\/index.php\/wp-json\/wp\/v2\/types\/page"}],"author":[{"embeddable":true,"href":"https:\/\/www.scheuerer.de\/index.php\/wp-json\/wp\/v2\/users\/1"}],"replies":[{"embeddable":true,"href":"https:\/\/www.scheuerer.de\/index.php\/wp-json\/wp\/v2\/comments?post=3"}],"version-history":[{"count":6,"href":"https:\/\/www.scheuerer.de\/index.php\/wp-json\/wp\/v2\/pages\/3\/revisions"}],"predecessor-version":[{"id":272,"href":"https:\/\/www.scheuerer.de\/index.php\/wp-json\/wp\/v2\/pages\/3\/revisions\/272"}],"wp:attachment":[{"href":"https:\/\/www.scheuerer.de\/index.php\/wp-json\/wp\/v2\/media?parent=3"}],"curies":[{"name":"wp","href":"https:\/\/api.w.org\/{rel}","templated":true}]}}