{"id":210,"date":"2024-07-24T19:55:30","date_gmt":"2024-07-24T19:55:30","guid":{"rendered":"https:\/\/www.scheuerer.de\/index.php\/home\/"},"modified":"2026-02-24T08:53:06","modified_gmt":"2026-02-24T08:53:06","slug":"home","status":"publish","type":"page","link":"https:\/\/www.scheuerer.de\/","title":{"rendered":"Home"},"content":{"rendered":"<h1>B\u00fcrodigitalisierung als Dienstleistung<\/h1>\n<h5>Papierlose Prozesse, klare Workflows und ein DMS, das wirklich genutzt wird \u2013 als monatlicher Service inkl. Support und kontinuierlicher Optimierung.<\/h5>\n<p>Wir digitalisieren Ihr B\u00fcro end-to-end:<\/p>\n<ul>\n<li>Dokumentenmanagement<\/li>\n<li>digitale Freigaben<\/li>\n<li>E-Signatur<\/li>\n<li>Cloud-Setup<\/li>\n<li>Automatisierungen.<\/li>\n<\/ul>\n<p>Sie erhalten eine klare Roadmap, eine schnelle Einf\u00fchrung und danach einen Managed Service, der die L\u00f6sung stabil h\u00e4lt und laufend verbessert.<\/p>\n","protected":false},"excerpt":{"rendered":"<p>B\u00fcrodigitalisierung als Dienstleistung Papierlose Prozesse, klare Workflows und ein DMS, das wirklich genutzt wird \u2013 als monatlicher Service inkl. Support und kontinuierlicher Optimierung. Wir digitalisieren Ihr B\u00fcro end-to-end: Dokumentenmanagement digitale Freigaben E-Signatur Cloud-Setup Automatisierungen. Sie erhalten eine klare Roadmap, eine schnelle Einf\u00fchrung und danach einen Managed Service, der die L\u00f6sung stabil h\u00e4lt und laufend verbessert.<\/p>\n","protected":false},"author":1,"featured_media":0,"parent":0,"menu_order":0,"comment_status":"closed","ping_status":"closed","template":"","meta":{"footnotes":""},"class_list":["post-210","page","type-page","status-publish","hentry"],"_links":{"self":[{"href":"https:\/\/www.scheuerer.de\/index.php\/wp-json\/wp\/v2\/pages\/210","targetHints":{"allow":["GET"]}}],"collection":[{"href":"https:\/\/www.scheuerer.de\/index.php\/wp-json\/wp\/v2\/pages"}],"about":[{"href":"https:\/\/www.scheuerer.de\/index.php\/wp-json\/wp\/v2\/types\/page"}],"author":[{"embeddable":true,"href":"https:\/\/www.scheuerer.de\/index.php\/wp-json\/wp\/v2\/users\/1"}],"replies":[{"embeddable":true,"href":"https:\/\/www.scheuerer.de\/index.php\/wp-json\/wp\/v2\/comments?post=210"}],"version-history":[{"count":5,"href":"https:\/\/www.scheuerer.de\/index.php\/wp-json\/wp\/v2\/pages\/210\/revisions"}],"predecessor-version":[{"id":281,"href":"https:\/\/www.scheuerer.de\/index.php\/wp-json\/wp\/v2\/pages\/210\/revisions\/281"}],"wp:attachment":[{"href":"https:\/\/www.scheuerer.de\/index.php\/wp-json\/wp\/v2\/media?parent=210"}],"curies":[{"name":"wp","href":"https:\/\/api.w.org\/{rel}","templated":true}]}}